{"id":145,"date":"2017-07-19T10:20:38","date_gmt":"2017-07-19T08:20:38","guid":{"rendered":"http:\/\/matalasseriamolletdescans.com\/?page_id=145"},"modified":"2024-02-09T12:22:36","modified_gmt":"2024-02-09T11:22:36","slug":"quienes-somos","status":"publish","type":"page","link":"https:\/\/matalasseriamolletdescans.com\/es\/quienes-somos","title":{"rendered":"Nosotros"},"content":{"rendered":"<blockquote><p>Colchoner\u00eda Mollet Descans, es un centro especializado en la venta de todo tipo de colchones en Mollet del Valles, canap\u00e9s, almohadas, somieres, cabezales&#8230;relacionados con el descanso. Desde 1995, son 25 a\u00f1os al servicio del cliente con la intenci\u00f3n de aportar una mejor calidad de vida durante muchas noches, a lo largo de la misma. Colchoner\u00eda Mollet Descans comenz\u00f3 inicialmente en un local de 50 m2 en la calle Berenguer III, junto a la estaci\u00f3n de RENFE en Mollet.<\/p>\n<p>A los 8 a\u00f1os doblamos la superficie con la apertura de otro local mayor, pr\u00f3ximo al Casal dels Avis en la misma calle. Actualmente disponemos de mas de 250 m2 frente a la parada de los Taxis, en la Av. LLibertat. Nuestra base de clientes es la clave de nuestra progresiva evoluci\u00f3n y afianzamiento en el mercado.<\/p><\/blockquote>\n","protected":false},"excerpt":{"rendered":"<p>Colchoner\u00eda Mollet Descans, es un centro especializado en la venta de todo tipo de colchones en Mollet del Valles, canap\u00e9s, almohadas, somieres, cabezales&#8230;relacionados con el descanso. Desde 1995, son 25 a\u00f1os al servicio del cliente con la intenci\u00f3n de aportar &hellip; <a href=\"https:\/\/matalasseriamolletdescans.com\/es\/quienes-somos\">Leer m\u00e1s<\/a><\/p>\n","protected":false},"author":1,"featured_media":0,"parent":0,"menu_order":0,"comment_status":"closed","ping_status":"closed","template":"","meta":[],"_links":{"self":[{"href":"https:\/\/matalasseriamolletdescans.com\/es\/wp-json\/wp\/v2\/pages\/145"}],"collection":[{"href":"https:\/\/matalasseriamolletdescans.com\/es\/wp-json\/wp\/v2\/pages"}],"about":[{"href":"https:\/\/matalasseriamolletdescans.com\/es\/wp-json\/wp\/v2\/types\/page"}],"author":[{"embeddable":true,"href":"https:\/\/matalasseriamolletdescans.com\/es\/wp-json\/wp\/v2\/users\/1"}],"replies":[{"embeddable":true,"href":"https:\/\/matalasseriamolletdescans.com\/es\/wp-json\/wp\/v2\/comments?post=145"}],"version-history":[{"count":9,"href":"https:\/\/matalasseriamolletdescans.com\/es\/wp-json\/wp\/v2\/pages\/145\/revisions"}],"predecessor-version":[{"id":362,"href":"https:\/\/matalasseriamolletdescans.com\/es\/wp-json\/wp\/v2\/pages\/145\/revisions\/362"}],"wp:attachment":[{"href":"https:\/\/matalasseriamolletdescans.com\/es\/wp-json\/wp\/v2\/media?parent=145"}],"curies":[{"name":"wp","href":"https:\/\/api.w.org\/{rel}","templated":true}]}}