{"id":141,"date":"2017-07-19T10:18:54","date_gmt":"2017-07-19T08:18:54","guid":{"rendered":"http:\/\/matalasseriamolletdescans.com\/?page_id=141"},"modified":"2017-07-19T10:18:54","modified_gmt":"2017-07-19T08:18:54","slug":"politica-de-cookies","status":"publish","type":"page","link":"http:\/\/matalasseriamolletdescans.com\/es\/politica-de-cookies","title":{"rendered":"Pol\u00edtica de cookies"},"content":{"rendered":"<p><strong>Pol\u00edtica de cookies<\/strong><\/p>\n<p>Una galeta \u00e9s un petit fitxer de text que s\u2019emmagatzema en el seu navegador quan visita gaireb\u00e9 qualsevol p\u00e0gina web. La seva utilitat \u00e9s que la web sigui capa\u00e7 de recordar la seva visita quan torni a navegar per aquesta p\u00e0gina. Les cookies solen emmagatzemar informaci\u00f3 de car\u00e0cter t\u00e8cnic, prefer\u00e8ncies personals, personalitzaci\u00f3 de continguts, estad\u00edstiques d\u2019\u00fas, enlla\u00e7os a xarxes socials, acc\u00e9s a comptes d\u2019usuari, etc. L\u2019objectiu de la galeta \u00e9s adaptar el contingut de la web al seu perfil i necessitats. Sense galetes els serveis oferts per qualsevol p\u00e0gina es veurien minvats notablement. Per consultar m\u00e9s informaci\u00f3 sobre qu\u00e8 s\u00f3n les galetes, qu\u00e8 emmagatzemen, com eliminar-les, desactivar-les, etc.<\/p>\n<p>&nbsp;<\/p>\n<p><strong>Cookies utilitzades<\/strong><strong>\u00a0<\/strong><strong>en aquest lloc web<\/strong><\/p>\n<p><strong>\u00a0<\/strong>Procedim a detallar l\u2019\u00fas que fa aquesta web de cookies (o galetes) amb la finalitat d\u2019informar-lo amb la m\u00e0xima exactitud possible.<\/p>\n<p>&nbsp;<\/p>\n<p><strong>Aquest lloc web utilitza les seg\u00fcents galetes pr\u00f2pies:<\/strong><\/p>\n<p>\u2022 Galetes de sessi\u00f3, per garantir que els usuaris que escriguin comentaris al bloc siguin humans i no aplicacions automatitzades. D\u2019aquesta manera es combat el correu brossa.<\/p>\n<p>&nbsp;<\/p>\n<p><strong>Aquest lloc web utilitza les seg\u00fcents galetes de tercers:<\/strong><\/p>\n<p>\u2022 Xarxes socials: Cada xarxa social utilitza les seves pr\u00f2pies galetes per tal que vost\u00e8 pugui clicar en els botons que proposa cada xarxa.<\/p>\n<p>\u2022 Google Analytics: Emmagatzema galetes per a poder elaborar estad\u00edstiques sobre el tr\u00e0nsit i volum de visites d\u2019aquest web. En utilitzar aquest lloc web est\u00e0 consentint el tractament d\u2019informaci\u00f3 sobre vost\u00e8 per Google. Per tant, l\u2019exercici de qualsevol dret en aquest sentit l\u2019haur\u00e0 de fer comunicant-se directament amb Google.<\/p>\n<p>&nbsp;<\/p>\n<p><strong>Desactivaci\u00f3<\/strong><strong>\u00a0<\/strong><strong>o eliminaci\u00f3 de galetes<\/strong><\/p>\n<p>En qualsevol moment podr\u00e0 desactivar o eliminar les galetes d\u2019aquest lloc web. Aquestes accions es realitzen de forma diferent en funci\u00f3 del navegador que estigui utilitzant.<\/p>\n<p>&nbsp;<\/p>\n<p><strong>Informaci\u00f3 addicional<\/strong><\/p>\n<p>\u2022 Ni aquesta web ni els seus representants legals es fan responsables ni del contingut ni de la veracitat de les pol\u00edtiques de privacitat que puguin tenir els tercers esmentats en aquesta pol\u00edtica de cookies.<\/p>\n<p>\u2022 Els navegadors web s\u00f3n les eines encarregades d\u2019emmagatzemar les galetes i \u00e9s des del navegador on podr\u00e0 eliminar-les o desactivar-les. Ni aquesta web ni els seus representants legals poden garantir la correcta o incorrecta manipulaci\u00f3 de les cookies per part dels esmentats navegadors.<\/p>\n<p>\u2022 En alguns casos \u00e9s necessari instal\u00b7lar cookies perqu\u00e8 el navegador no oblidi la seva decisi\u00f3 de no acceptaci\u00f3 d\u2019aquestes.<\/p>\n<p>\u2022 En el cas de les galetes de Google Analytics, aquesta empresa emmagatzema les galetes en servidors ubicats als Estats Units i es compromet a no compartir-la amb tercers, excepte en els casos en qu\u00e8 sigui necessari per al funcionament del sistema o quan la llei ho obligui. Segons Google no es guarda la seva adre\u00e7a IP. Google Inc. \u00e9s una companyia adherida a l\u2019Acord de Port Segur entre el Govern d\u2019Estats Units i la Uni\u00f3 Europea, que garanteix que totes les dades transferides seran tractades amb un nivell de protecci\u00f3 en conson\u00e0ncia amb la normativa europea.<\/p>\n<p>\u2022 Per a qualsevol dubte o consulta sobre aquesta pol\u00edtica de galetes no dubti en comunicar-se amb nosaltres a trav\u00e9s de la secci\u00f3 de contacte.<\/p>\n<p>&nbsp;<\/p>\n<p><strong>Quina informaci\u00f3<\/strong><strong>\u00a0<\/strong><strong>emmagatzema una cookie?<\/strong><\/p>\n<p>Les galetes no solen emmagatzemar informaci\u00f3 sensible sobre vost\u00e8, com n\u00fameros de targetes de cr\u00e8dit o dades banc\u00e0ries, fotografies, el seu DNI o informaci\u00f3 personal, etc. Les dades que guarden s\u00f3n de car\u00e0cter t\u00e8cnic, prefer\u00e8ncies personals, personalitzaci\u00f3 de continguts i similars.<\/p>\n<p>El servidor web no l\u2019associa a vost\u00e8 com a persona sin\u00f3 al seu navegador web. De fet, si vost\u00e8 navega habitualment amb Internet Explorer i prova a navegar per la mateixa web amb Firefox o Chrome, veur\u00e0 que el web no ent\u00e9n que \u00e9s vost\u00e8 la mateixa persona perqu\u00e8 en realitat est\u00e0 associat al navegador, no a la persona.<\/p>\n<p>&nbsp;<\/p>\n<p><strong>Quin tipus de<\/strong><strong>\u00a0<\/strong><strong>galetes hi ha?<\/strong><\/p>\n<p>\u2022 Galetes t\u00e8cniques: S\u00f3n les m\u00e9s elementals i permeten, entre altres coses, saber quan est\u00e0 navegant un hum\u00e0 o una aplicaci\u00f3 automatitzada, quan navega un usuari an\u00f2nim i un registrat, tasques b\u00e0siques per al funcionament de qualsevol web din\u00e0mica.<\/p>\n<p>\u2022 Galetes d\u2019an\u00e0lisi: Recullen informaci\u00f3 sobre el tipus de navegaci\u00f3 que est\u00e0 realitzant, les seccions que m\u00e9s utilitza, productes consultats, franja hor\u00e0ria d\u2019\u00fas, idioma, etc.<\/p>\n<p>\u2022 Galetes publicit\u00e0ries: Mostren publicitat en funci\u00f3 de la seva navegaci\u00f3, el seu pa\u00eds de proced\u00e8ncia, idioma, etc.<\/p>\n<p>&nbsp;<\/p>\n<p><strong>Qu\u00e8<\/strong><strong>\u00a0<\/strong><strong>s\u00f3n les galetes pr\u00f2pies i les de tercers?<\/strong><\/p>\n<p>Les cookies pr\u00f2pies s\u00f3n les generades per la p\u00e0gina que est\u00e0 visitant i les de tercers s\u00f3n les generades per serveis o prove\u00efdors externs com Facebook, Twitter, Google, etc.<\/p>\n<p>&nbsp;<\/p>\n<p><strong>Qu\u00e8 passa si desactivo les galetes?<\/strong><\/p>\n<p>Perqu\u00e8 entengui l\u2019abast que pot tenir desactivar les cookies li mostrem uns exemples:<\/p>\n<p>\u2022 No podr\u00e0 compartir continguts d\u2019aquesta web a Facebook, Twitter o qualsevol altra xarxa social.<\/p>\n<p>\u2022 El lloc web no podr\u00e0 adaptar els continguts a les seves prefer\u00e8ncies personals, com sol passar en les botigues en l\u00ednia.<\/p>\n<p>\u2022 No podr\u00e0 accedir a l\u2019\u00e0rea personal d\u2019aquesta web, com ara\u00a0<em>El meu compte<\/em>, o\u00a0<em>El meu perfil<\/em>\u00a0o\u00a0<em>Les meves comandes<\/em>.<\/p>\n<p>\u2022 Botigues online: Li ser\u00e0 impossible realitzar compres online, hauran de ser telef\u00f2niques o visitant la botiga f\u00edsica, si \u00e9s que en disposa.<\/p>\n<p>\u2022 No ser\u00e0 possible personalitzar les seves prefer\u00e8ncies geogr\u00e0fiques com franja hor\u00e0ria, divisa o idioma.<\/p>\n<p>\u2022 El lloc web no podr\u00e0 realitzar anal\u00edtiques web sobre visitants i tr\u00e0nsit a la web, el que dificultar\u00e0 que el web sigui competitiu.<\/p>\n<p>\u2022 No podr\u00e0 escriure al bloc, no podr\u00e0 pujar fotos, enviar comentaris, valorar o puntuar continguts. El web tampoc podr\u00e0 saber si vost\u00e8 \u00e9s un hum\u00e0 o una aplicaci\u00f3 automatitzada que publica spam.<\/p>\n<p>\u2022 No es podr\u00e0 mostrar publicitat sectorialitzada, el que reduir\u00e0 els ingressos publicitaris de la web.<\/p>\n<p>\u2022 Totes les xarxes socials fan servir cookies, si les desactiva no podr\u00e0 utilitzar cap xarxa social.<\/p>\n<p>&nbsp;<\/p>\n<p><strong>Es poden<\/strong><strong>\u00a0<\/strong><strong>eliminar les galetes?<\/strong><\/p>\n<p>S\u00ed. No nom\u00e9s eliminar, tamb\u00e9 bloquejar, de forma general o particular per a un domini espec\u00edfic.<\/p>\n<p>Per eliminar les galetes d\u2019un lloc web ha d\u2019anar a la configuraci\u00f3 del seu navegador i all\u00e0 podr\u00e0 buscar les associades al domini en q\u00fcesti\u00f3 i procedir a la seva eliminaci\u00f3.<\/p>\n<p>&nbsp;<\/p>\n<p><strong>Configuraci\u00f3 de galetes<\/strong><strong>\u00a0<\/strong><strong>per als navegadors m\u00e9s populars<\/strong><\/p>\n<p>A continuaci\u00f3 li expliquem com accedir a una galeta determinada del navegador\u00a0<strong>Chrome<\/strong>. Nota: aquests passos poden variar en funci\u00f3 de la versi\u00f3 del navegador:<\/p>\n<p>&nbsp;<\/p>\n<p>1. Vagi a\u00a0<em>Configuraci\u00f3<\/em>\u00a0o\u00a0<em>Prefer\u00e8ncies<\/em>\u00a0mitjan\u00e7ant el men\u00fa\u00a0<em>Fitxer<\/em>\u00a0o b\u00e9 clicant la icona de personalitzaci\u00f3 que apareix a dalt a la dreta.<\/p>\n<p>2. Veur\u00e0 diferents seccions, faci clic a l\u2019opci\u00f3\u00a0<em>Mostra opcions<\/em><em>\u00a0<\/em><em>avan\u00e7ades<\/em>.<\/p>\n<p>3. Vagi a\u00a0<em>Privacitat<\/em>,\u00a0<em>Configuraci\u00f3<\/em><em>\u00a0<\/em><em>de contingut<\/em>.<\/p>\n<p>4. Seleccioni\u00a0<em>Totes<\/em><em>\u00a0<\/em><em>les galetes i dades del lloc<\/em>.<\/p>\n<p>5. Apareixer\u00e0 un llistat amb totes les galetes ordenades per domini. Perqu\u00e8 li sigui m\u00e9s f\u00e0cil trobar les galetes d\u2019un determinat domini introdueixi parcial o totalment la direcci\u00f3 al camp\u00a0<em>Cerca<\/em><em>\u00a0<\/em><em>galetes<\/em>.<\/p>\n<p>6. Despr\u00e9s de realitzar aquest filtre apareixeran en pantalla una o diverses l\u00ednies amb les galetes del web sol\u00b7licitat. Ara nom\u00e9s ha de seleccionar-la i pr\u00e9mer la X per procedir a la seva eliminaci\u00f3.<\/p>\n<p>&nbsp;<\/p>\n<p>Per accedir a la configuraci\u00f3 de galetes del navegador\u00a0<strong>Internet<\/strong><strong>\u00a0<\/strong><strong>Explorer<\/strong>\u00a0segueixi aquests passos (poden variar en funci\u00f3 de la versi\u00f3 del navegador):<\/p>\n<p>&nbsp;<\/p>\n<p>1. Vagi a\u00a0<em>Eines<\/em>,\u00a0<em>Opcions d\u2019Internet<\/em>.<\/p>\n<p>2. Faci clic a\u00a0<em>Privadesa<\/em>.<\/p>\n<p>3. Mogui el bot\u00f3 lliscant fins a ajustar el nivell de privacitat que desitgi.<\/p>\n<p>&nbsp;<\/p>\n<p>Per accedir a la configuraci\u00f3 de galetes del navegador\u00a0<strong>Firefox<\/strong>\u00a0segueixi aquests passos (poden variar en funci\u00f3 de la versi\u00f3 del navegador):<\/p>\n<p>&nbsp;<\/p>\n<p>1. Vagi a\u00a0<em>Opcions<\/em>\u00a0o\u00a0<em>Prefer\u00e8ncies<\/em>\u00a0segons el seu sistema operatiu.<\/p>\n<p>2. Faci clic a\u00a0<em>Privadesa<\/em>.<\/p>\n<p>3. A\u00a0<em>Historial<\/em>\u00a0tri\u00ef\u00a0<em>Utilitzar<\/em><em>\u00a0<\/em><em>una configuraci\u00f3 personalitzada per l\u2019historial<\/em>.<\/p>\n<p>4. Ara veur\u00e0 l\u2019opci\u00f3\u00a0<em>Acceptar galetes<\/em>, pot activar-la o desactivar-la segons les seves prefer\u00e8ncies.<\/p>\n<p>&nbsp;<\/p>\n<p>Per accedir a la configuraci\u00f3 de galetes del navegador\u00a0<strong>Safari per<\/strong><strong>\u00a0<\/strong><strong>OSX<\/strong>\u00a0segueixi aquests passos (poden variar en funci\u00f3 de la versi\u00f3 del navegador):<\/p>\n<p>&nbsp;<\/p>\n<p>1. Vagi a\u00a0<em>Prefer\u00e8ncies<\/em>, despr\u00e9s\u00a0<em>Privacitat<\/em>.<\/p>\n<p>2. En aquest lloc veur\u00e0 l\u2019opci\u00f3\u00a0<em>Bloquejar<\/em><em>\u00a0<\/em><em>galetes<\/em>\u00a0perqu\u00e8 ajusti el tipus de bloqueig que desitja realitzar.<\/p>\n<p>&nbsp;<\/p>\n<p>Per accedir a la configuraci\u00f3 de galetes del navegador\u00a0<strong>Safari<\/strong><strong>\u00a0<\/strong><strong>per iOS<\/strong>\u00a0segueixi aquests passos (poden variar en funci\u00f3 de la versi\u00f3 del navegador):<\/p>\n<p>&nbsp;<\/p>\n<p>1. Vagi a\u00a0<em>Configuraci\u00f3<\/em>, despr\u00e9s\u00a0<em>Safari<\/em>.<\/p>\n<p>2. Vagi a\u00a0<em>Privacitat i seguretat<\/em>, veur\u00e0 la opci\u00f3\u00a0<em>Bloquejar<\/em><em>\u00a0<\/em><em>galetes<\/em>\u00a0perqu\u00e8 ajusti el tipus de bloqueig que desitja realitzar.<\/p>\n<p>&nbsp;<\/p>\n<p>Per accedir a la configuraci\u00f3 de galetes del navegador per a dispositius\u00a0<strong>Android<\/strong><strong>\u00a0<\/strong>segueixi aquests passos (poden variar en funci\u00f3 de la versi\u00f3 del navegador):<\/p>\n<p>&nbsp;<\/p>\n<p>1. Executi el navegador i premi la tecla\u00a0<em>Men\u00fa<\/em>, despr\u00e9s\u00a0<em>Configuraci\u00f3<\/em>.<\/p>\n<p>2. Vagi a\u00a0<em>Seguretat<\/em><em>\u00a0<\/em><em>i privacitat<\/em>, veur\u00e0 l\u2019opci\u00f3\u00a0<em>Acceptar galetes<\/em>\u00a0perqu\u00e8 activi o desactivi la casella.<\/p>\n<p>&nbsp;<\/p>\n<p>Per accedir a la configuraci\u00f3 de galetes del navegador per a dispositius\u00a0<strong>Windows Phone<\/strong>\u00a0segueixi aquests passos (poden variar en funci\u00f3 de la versi\u00f3 del navegador):<\/p>\n<p>&nbsp;<\/p>\n<p>1. Obri\u00a0<em>Internet<\/em><em>\u00a0<\/em><em>Explorer<\/em>, despr\u00e9s\u00a0<em>M\u00e9s<\/em>, despr\u00e9s\u00a0<em>Configuraci\u00f3<\/em>.<\/p>\n<p>2. Ara pot activar o desactivar la casella\u00a0<em>Permetre<\/em><em>\u00a0<\/em><em>cookies<\/em>.<\/p>\n","protected":false},"excerpt":{"rendered":"<p>Pol\u00edtica de cookies Una galeta \u00e9s un petit fitxer de text que s\u2019emmagatzema en el seu navegador quan visita gaireb\u00e9 qualsevol p\u00e0gina web. La seva utilitat \u00e9s que la web sigui capa\u00e7 de recordar la seva visita quan torni a &hellip; <a href=\"http:\/\/matalasseriamolletdescans.com\/es\/politica-de-cookies\">Leer m\u00e1s<\/a><\/p>\n","protected":false},"author":1,"featured_media":0,"parent":0,"menu_order":0,"comment_status":"closed","ping_status":"closed","template":"","meta":[],"_links":{"self":[{"href":"http:\/\/matalasseriamolletdescans.com\/es\/wp-json\/wp\/v2\/pages\/141"}],"collection":[{"href":"http:\/\/matalasseriamolletdescans.com\/es\/wp-json\/wp\/v2\/pages"}],"about":[{"href":"http:\/\/matalasseriamolletdescans.com\/es\/wp-json\/wp\/v2\/types\/page"}],"author":[{"embeddable":true,"href":"http:\/\/matalasseriamolletdescans.com\/es\/wp-json\/wp\/v2\/users\/1"}],"replies":[{"embeddable":true,"href":"http:\/\/matalasseriamolletdescans.com\/es\/wp-json\/wp\/v2\/comments?post=141"}],"version-history":[{"count":1,"href":"http:\/\/matalasseriamolletdescans.com\/es\/wp-json\/wp\/v2\/pages\/141\/revisions"}],"predecessor-version":[{"id":142,"href":"http:\/\/matalasseriamolletdescans.com\/es\/wp-json\/wp\/v2\/pages\/141\/revisions\/142"}],"wp:attachment":[{"href":"http:\/\/matalasseriamolletdescans.com\/es\/wp-json\/wp\/v2\/media?parent=141"}],"curies":[{"name":"wp","href":"https:\/\/api.w.org\/{rel}","templated":true}]}}